{"id":75,"date":"2018-01-16T14:20:14","date_gmt":"2018-01-16T14:20:14","guid":{"rendered":"https:\/\/xhoivplastic.com\/?page_id=75"},"modified":"2019-12-06T13:37:38","modified_gmt":"2019-12-06T13:37:38","slug":"rreth-nesh","status":"publish","type":"page","link":"https:\/\/xhoivplastic.com\/index.php\/rreth-nesh\/","title":{"rendered":"Rreth Nesh"},"content":{"rendered":"<div class=\"wpb-content-wrapper\"><p>[vc_row full_width=&#8221;stretch_row&#8221; bg_type=&#8221;image&#8221; parallax_style=&#8221;vcpb-default&#8221; bg_image_new=&#8221;id^302|url^https:\/\/xhoivplastic.com\/wp-content\/uploads\/2018\/01\/poly.png|caption^null|alt^null|title^null|description^null&#8221; bg_override=&#8221;ex-full&#8221; css=&#8221;.vc_custom_1516352553540{margin-top: -70px !important;margin-bottom: -70px !important;background-color: #efefef !important;}&#8221;][vc_column][vc_empty_space height=&#8221;15px&#8221;][vc_row_inner][vc_column_inner width=&#8221;1\/2&#8243;][vc_column_text css=&#8221;.vc_custom_1516358255545{margin-bottom: 3px !important;}&#8221;]<\/p>\n<h1 style=\"text-align: center;\"><span style=\"color: black;\">XHOIV<\/span> <span style=\"color: #dd940b;\">PLASTIC<\/span><\/h1>\n<p>[\/vc_column_text][vc_column_text]<\/p>\n<p style=\"text-align: justify;\">U themelua ne Tirane ne vitin 2007 si nje biznes familjar i fokusuar ne prodhimin e kovave per ambalazhet plastike ne fushen e industrise ushqimore dhe industriale. Megjithese vazhdon te ndjeke modelin e nje biznesi familjar, stafi yne eshte zgjeruar me persona te specializuar ne fushen e industrise se plastikes duke punuar cdo dite me perkushtim per te sjelle produkte cilesore per klientet tane.<\/p>\n<p style=\"text-align: justify;\">Sot jemi nje fabrike plastike me kapacitet shume te madh prodhimi.<\/p>\n<p style=\"text-align: justify;\">Teknologjia e prodhimit tone eshte bashkekohore duke na siguruar nje rendiment shume te larte prodhimi. Xhoiv Plastic operon me produktet e kovave per amballazhimet ushqimore me madhesi 250ml \u2013 20l si edhe prodhimin e plastikes industriale si legena, arka etj.<\/p>\n<p>[\/vc_column_text][\/vc_column_inner][vc_column_inner width=&#8221;1\/2&#8243;][vc_empty_space height=&#8221;25px&#8221;][vc_single_image image=&#8221;368&#8243; img_size=&#8221;full&#8221; alignment=&#8221;center&#8221; style=&#8221;vc_box_shadow_3d&#8221; image_hovers=&#8221;false&#8221;][\/vc_column_inner][\/vc_row_inner][vc_row_inner css=&#8221;.vc_custom_1516352323792{background-color: rgba(12,12,12,0.06) !important;background-position: center !important;background-repeat: no-repeat !important;background-size: contain !important;*background-color: rgb(12,12,12) !important;}&#8221;][vc_column_inner width=&#8221;1\/3&#8243;]<div class=\"aio-icon-component    style_1\"><div id=\"Info-box-wrap-9747\" class=\"aio-icon-box left-icon\" style=\"\"  ><div class=\"aio-icon-left\"><div class=\"ult-just-icon-wrapper  \"><div class=\"align-icon\" style=\"text-align:center;\">\n<div class=\"aio-icon none \"  style=\"color:#dd940b;font-size:55px;display:inline-block;\">\n\t<i class=\"Defaults-paper-plane send\"><\/i>\n<\/div><\/div><\/div><\/div><div class=\"aio-ibd-block\"><div class=\"aio-icon-description ult-responsive\"  data-ultimate-target='#Info-box-wrap-9747 .aio-icon-description'  data-responsive-json-new='{\"font-size\":\"\",\"line-height\":\"\"}'  style=\"\"><\/p>\n<h3>Misioni<\/h3>\n<p style=\"text-align: justify;\"><span style=\"color: black;\">Misioni yne eshte investimi ne teknologji, per te ofruar produkte plastike cilesore dhe te pastra ne amballazhimet tona.<\/span><\/p>\n<p><\/div> <!-- description --><\/div> <!-- aio-ibd-block --><\/div> <!-- aio-icon-box --><\/div> <!-- aio-icon-component -->[\/vc_column_inner][vc_column_inner width=&#8221;1\/3&#8243;]<div class=\"aio-icon-component    style_1\"><div id=\"Info-box-wrap-9032\" class=\"aio-icon-box left-icon\" style=\"\"  ><div class=\"aio-icon-left\"><div class=\"ult-just-icon-wrapper  \"><div class=\"align-icon\" style=\"text-align:center;\">\n<div class=\"aio-icon-img \" style=\"font-size:100px;display:inline-block;\" >\n\t<img decoding=\"async\" class=\"img-icon\" alt=\"null\" src=\"https:\/\/xhoivplastic.com\/wp-content\/uploads\/2018\/01\/vizioni.png\"\/>\n<\/div><\/div><\/div><\/div><div class=\"aio-ibd-block\"><div class=\"aio-icon-description ult-responsive\"  data-ultimate-target='#Info-box-wrap-9032 .aio-icon-description'  data-responsive-json-new='{\"font-size\":\"\",\"line-height\":\"\"}'  style=\"\"><\/p>\n<h3>Vizioni<\/h3>\n<p style=\"text-align: justify;\"><span style=\"color: black;\">Vizioni yne eshte te jemi kompani e sukseshme ne Shqiperi per prodhimin e produkteve plastike ne industrine ushqimore dhe industriale. Te operojme ne tregun vendas dhe ate te huaj duke permbushur \u00e7do standard sipas kerkesave te komunitetit Europian.<br \/>\n<\/span><\/p>\n<p><\/div> <!-- description --><\/div> <!-- aio-ibd-block --><\/div> <!-- aio-icon-box --><\/div> <!-- aio-icon-component -->[\/vc_column_inner][vc_column_inner width=&#8221;1\/3&#8243;]<div class=\"aio-icon-component    style_1\"><div id=\"Info-box-wrap-3726\" class=\"aio-icon-box left-icon\" style=\"\"  ><div class=\"aio-icon-left\"><div class=\"ult-just-icon-wrapper  \"><div class=\"align-icon\" style=\"text-align:center;\">\n<div class=\"aio-icon-img \" style=\"font-size:100px;display:inline-block;\" >\n\t<img decoding=\"async\" class=\"img-icon\" alt=\"null\" src=\"https:\/\/xhoivplastic.com\/wp-content\/uploads\/2018\/01\/kultura-e-kompanise-1.png\"\/>\n<\/div><\/div><\/div><\/div><div class=\"aio-ibd-block\"><div class=\"aio-icon-description ult-responsive\"  data-ultimate-target='#Info-box-wrap-3726 .aio-icon-description'  data-responsive-json-new='{\"font-size\":\"\",\"line-height\":\"\"}'  style=\"\"><\/p>\n<h3>Kultura e Kompanise<\/h3>\n<p style=\"text-align: justify;\"><span style=\"color: black;\">Korrektesia, respekti, komunikimi dhe besueshmeria jane vlerat tona kryesore. Ne zhvillojm\u00eb integritetin dhe respektojm\u00eb etik\u00ebn e biznesit p\u00ebr mbarevajtjen e marredhenieve me klientet dhe bashkepunetoret tane.<\/span><\/p>\n<p><\/div> <!-- description --><\/div> <!-- aio-ibd-block --><\/div> <!-- aio-icon-box --><\/div> <!-- aio-icon-component -->[\/vc_column_inner][\/vc_row_inner][vc_empty_space][vc_row_inner][vc_column_inner][vc_custom_heading text=&#8221;Cilesi &amp; Siguri&#8221; font_container=&#8221;tag:h2|text_align:center|color:%23000000&#8243; google_fonts=&#8221;font_family:Roboto%3A100%2C100italic%2C300%2C300italic%2Cregular%2Citalic%2C500%2C500italic%2C700%2C700italic%2C900%2C900italic|font_style:700%20bold%20regular%3A700%3Anormal&#8221;][\/vc_column_inner][\/vc_row_inner][vc_separator color=&#8221;sandy_brown&#8221; style=&#8221;shadow&#8221; border_width=&#8221;2&#8243; el_width=&#8221;40&#8243;][vc_row_inner][vc_column_inner width=&#8221;1\/2&#8243;][vc_video link=&#8221;https:\/\/www.youtube.com\/watch?v=nKvU7xIKmn4&#8243; align=&#8221;center&#8221;][vc_empty_space][\/vc_column_inner][vc_column_inner width=&#8221;1\/2&#8243;][vc_column_text]<\/p>\n<p style=\"text-align: justify;\">Qellimi kryesor i Xhoiv Plastic eshte qe te ecim me hapin e teknologjise bashkekohore per te sjelle sa me shume risi ne treg, duke studiuar cdo dite tregun ku operojme. Gama e gjere e produkteve tona ka ardhur si nevoje per te plotesuar kerkesat e klienteve tane besnike. Suksesi i kompanise sone eshte korrektesia dhe besueshmeria qe ne transmetojme ndaj klienteve dhe bashkepunetoreve. Nevoja e klientit per te patur nje produkt te sigurt dhe te paster ne ambalazhimet tona ka qene dhe do te jete gjithmone prioriteti yne. Se fundmi, Xhoiv Plastic po nderton edhe magazinen e re duke zgjeruar dy here me shume hapesiren e prodhimit dhe te magazinimit.<\/p>\n<p>[\/vc_column_text][\/vc_column_inner][\/vc_row_inner][\/vc_column][\/vc_row]<\/p>\n<\/div>","protected":false},"excerpt":{"rendered":"<p>[vc_row full_width=&#8221;stretch_row&#8221; bg_type=&#8221;image&#8221; parallax_style=&#8221;vcpb-default&#8221; bg_image_new=&#8221;id^302|url^https:\/\/xhoivplastic.com\/wp-content\/uploads\/2018\/01\/poly.png|caption^null|alt^null|title^null|description^null&#8221; bg_override=&#8221;ex-full&#8221; css=&#8221;.vc_custom_1516352553540{margin-top: -70px !important;margin-bottom: -70px !important;background-color: #efefef !important;}&#8221;][vc_column][vc_empty_space height=&#8221;15px&#8221;][vc_row_inner][vc_column_inner width=&#8221;1\/2&#8243;][vc_column_text css=&#8221;.vc_custom_1516358255545{margin-bottom: 3px !important;}&#8221;] XHOIV PLASTIC [\/vc_column_text][vc_column_text] U themelua ne Tirane ne vitin 2007 si nje biznes familjar i fokusuar ne prodhimin e kovave per ambalazhet plastike ne fushen e industrise ushqimore dhe industriale. Megjithese vazhdon te ndjeke modelin e nje&hellip;<\/p>\n","protected":false},"author":2,"featured_media":0,"parent":0,"menu_order":0,"comment_status":"closed","ping_status":"closed","template":"","meta":{"footnotes":""},"class_list":["post-75","page","type-page","status-publish","hentry","description-off"],"_links":{"self":[{"href":"https:\/\/xhoivplastic.com\/index.php\/wp-json\/wp\/v2\/pages\/75","targetHints":{"allow":["GET"]}}],"collection":[{"href":"https:\/\/xhoivplastic.com\/index.php\/wp-json\/wp\/v2\/pages"}],"about":[{"href":"https:\/\/xhoivplastic.com\/index.php\/wp-json\/wp\/v2\/types\/page"}],"author":[{"embeddable":true,"href":"https:\/\/xhoivplastic.com\/index.php\/wp-json\/wp\/v2\/users\/2"}],"replies":[{"embeddable":true,"href":"https:\/\/xhoivplastic.com\/index.php\/wp-json\/wp\/v2\/comments?post=75"}],"version-history":[{"count":39,"href":"https:\/\/xhoivplastic.com\/index.php\/wp-json\/wp\/v2\/pages\/75\/revisions"}],"predecessor-version":[{"id":714,"href":"https:\/\/xhoivplastic.com\/index.php\/wp-json\/wp\/v2\/pages\/75\/revisions\/714"}],"wp:attachment":[{"href":"https:\/\/xhoivplastic.com\/index.php\/wp-json\/wp\/v2\/media?parent=75"}],"curies":[{"name":"wp","href":"https:\/\/api.w.org\/{rel}","templated":true}]}}